{"id":205,"date":"2021-10-31T15:10:46","date_gmt":"2021-10-31T18:10:46","guid":{"rendered":"https:\/\/zurbaran.com.ar\/artistas\/juanlascano\/?page_id=205"},"modified":"2021-10-31T15:10:46","modified_gmt":"2021-10-31T18:10:46","slug":"certificaciones","status":"publish","type":"page","link":"https:\/\/zurbaran.com.ar\/artistas\/juanlascano\/certificaciones\/","title":{"rendered":"Certificaciones"},"content":{"rendered":"\n<p><meta charset=\"utf-8\">Aquellos que tengan una obra de Juan Lascano, y deseen certificar la misma, por favor comunicarse con\u00a0<a href=\"mailto:igz@zurbaran.com.ar\">igz.jr@zurbaran.com.ar<\/a>\u00a0ya que est\u00e1 en preparaci\u00f3n el cat\u00e1logo razonado del artista.<\/p>\n","protected":false},"excerpt":{"rendered":"<p>Aquellos que tengan una obra de Juan Lascano, y deseen certificar la misma, por favor comunicarse con\u00a0igz.jr@zurbaran.com.ar\u00a0ya que est\u00e1 en preparaci\u00f3n el cat\u00e1logo razonado del artista.<\/p>\n","protected":false},"author":1,"featured_media":0,"parent":0,"menu_order":0,"comment_status":"closed","ping_status":"closed","template":"","meta":{"inline_featured_image":false,"_joinchat":[],"footnotes":""},"_links":{"self":[{"href":"https:\/\/zurbaran.com.ar\/artistas\/juanlascano\/wp-json\/wp\/v2\/pages\/205"}],"collection":[{"href":"https:\/\/zurbaran.com.ar\/artistas\/juanlascano\/wp-json\/wp\/v2\/pages"}],"about":[{"href":"https:\/\/zurbaran.com.ar\/artistas\/juanlascano\/wp-json\/wp\/v2\/types\/page"}],"author":[{"embeddable":true,"href":"https:\/\/zurbaran.com.ar\/artistas\/juanlascano\/wp-json\/wp\/v2\/users\/1"}],"replies":[{"embeddable":true,"href":"https:\/\/zurbaran.com.ar\/artistas\/juanlascano\/wp-json\/wp\/v2\/comments?post=205"}],"version-history":[{"count":1,"href":"https:\/\/zurbaran.com.ar\/artistas\/juanlascano\/wp-json\/wp\/v2\/pages\/205\/revisions"}],"predecessor-version":[{"id":206,"href":"https:\/\/zurbaran.com.ar\/artistas\/juanlascano\/wp-json\/wp\/v2\/pages\/205\/revisions\/206"}],"wp:attachment":[{"href":"https:\/\/zurbaran.com.ar\/artistas\/juanlascano\/wp-json\/wp\/v2\/media?parent=205"}],"curies":[{"name":"wp","href":"https:\/\/api.w.org\/{rel}","templated":true}]}}