{"id":150,"date":"2021-10-16T13:38:39","date_gmt":"2021-10-16T16:38:39","guid":{"rendered":"https:\/\/zurbaran.com.ar\/artistas\/juanlascano\/?page_id=150"},"modified":"2021-10-16T13:38:40","modified_gmt":"2021-10-16T16:38:40","slug":"biografia","status":"publish","type":"page","link":"https:\/\/zurbaran.com.ar\/artistas\/juanlascano\/biografia\/","title":{"rendered":"Biograf\u00eda"},"content":{"rendered":"\n<p>Pintor realista nacido en la ciudad de La Plata, Argentina, en 1947. Sus padres, sensibles y amantes del arte descubrieron tempranamente sus condiciones y aunque el Derecho era la tradici\u00f3n en su familia, no dudaron en estimularlo. En la adolescencia tom\u00f3 clases con Vicente Puig. En 1966 viaj\u00f3 a Espa\u00f1a y en el Museo del Prado descubri\u00f3 la obra del gran maestro del Realismo: Diego Vel\u00e1zquez. Cautivado por los magn\u00edficos pa\u00f1os y el resplandor de la luz en las texturas de los bronces, descubri\u00f3 el rumbo a seguir.<\/p>\n\n\n\n<p>A los 20 a\u00f1os inaugur\u00f3 su primera exposici\u00f3n. Lleva realizadas 50 muestras individuales. Autor de naturalezas muertas, bodegones, desnudos y paisajes, es adem\u00e1s un reconocido retratista.<\/p>\n\n\n\n<p><strong>2019<\/strong><br>Exposici\u00f3n individual en Zurbar\u00e1n, abril.<br>Exposici\u00f3n individual en Zurbar\u00e1n Santa Fe, julio.<\/p>\n\n\n\n<p><strong>2018<\/strong><br>Exposici\u00f3n individual en Zurbar\u00e1n Pilar, diciembre.<br>Exposici\u00f3n colectiva titulada &#8220;Desnudos&#8221; en Colecci\u00f3n Alvear de Zurbar\u00e1n, diciembre.<br>Exposici\u00f3n individual en Zurbar\u00e1n, abril.<br>Exposici\u00f3n colectiva en Este Arte, Punta del Este, Uruguay (stand Zurbar\u00e1n), enero.<\/p>\n\n\n\n<p><strong>2016<\/strong><br>Exposici\u00f3n individual en Zurbar\u00e1n, Buenos Aires, titulada &#8220;Patagonia&#8221;, septiembre.<\/p>\n\n\n\n<p><strong>2015<\/strong><br>Exposici\u00f3n individual en Zurbar\u00e1n, Buenos Aires, titulada &#8220;Bodegones&#8221;, octubre-diciembre.<\/p>\n\n\n\n<p><strong>2013<\/strong><br>Exposici\u00f3n Individual en Zurbar\u00e1n, Buenos Aires, septiembre, 24 obras.<\/p>\n\n\n\n<p><strong>2010<\/strong><br>Exposici\u00f3n Individual en Zurbar\u00e1n Pilar titulada &#8220;Paisajes&#8221;, provincia de Buenos Aires, marzo\/abril\/mayo.<\/p>\n\n\n\n<p><strong>2009<\/strong><br>Exposici\u00f3n Individual en Zurbaran Pilar, provincia de Buenos Aires, 36 acuarelas, en el mes de julio.<br>Exposici\u00f3n Individual en Rosario, provincia de Santa Fe, San Crist\u00f3bal Seguros, octubre, 24 obras.<br>Exposici\u00f3n Individual en Zurbar\u00e1n, Buenos Aires, &#8220;Lascano Intimo&#8221;, noviembre, 33 obras.<\/p>\n\n\n\n<p><strong>2008<\/strong><br>Mega &#8211; exposici\u00f3n Lascano, Zurbaran Pilar, provincia de Buenos Aires, marzo, 160 obras.<br>Exposici\u00f3n colectiva en Estilo Pilar 2008 &#8220;Casa de Arte&#8221;, marzo-abril, 16 obras.<\/p>\n\n\n\n<p><strong>2007<\/strong><br>Exposici\u00f3n Individual en Zurbaran, Buenos Aires, octubre<\/p>\n\n\n\n<p><strong>2005<\/strong><br>Exposici\u00f3n individual en Zurbar\u00e1n, Buenos Aires, &#8220;Homenaje a Mendoza&#8221;, 27 obras.En el mes de agosto, se radica en Bariloche.<br>Cuarta exposici\u00f3n retrospectiva, en Zurbar\u00e1n C\u00f3rdoba (agosto a octubre, 77 obras).<br>Quinta exposici\u00f3n Retrospectiva, en Palmares Open Mall de Mendoza, noviembre, 100 obras.<\/p>\n\n\n\n<p><strong>2004<\/strong><br>Exposici\u00f3n individual en el Club Social de La Rioja, provincia de La Rioja, Argentina, mayo, 18 obras.<\/p>\n\n\n\n<p><strong>2003<\/strong><br>Exposici\u00f3n individual simult\u00e1nea en Zurbar\u00e1n y Colecci\u00f3n Alvear de Zurbar\u00e1n, Buenos Aires, junio, 43 obras.<\/p>\n\n\n\n<p><strong>2002<\/strong><br>Exposici\u00f3n individual en Zurbar\u00e1n, Buenos Aires, diciembre, 21 obras.<\/p>\n\n\n\n<p><strong>2001<\/strong><br>Exposiciones individuales en Punta del Este (enero-febrero), en el Museo Municipal de Bellas Artes de La Plata (agosto-septiembre), en Zurbar\u00e1n, Buenos Aires (septiembre-noviembre, 24 obras) y en Bariloche (octubre-noviembre).2000Se presenta el libro &#8220;Lascano&#8221; de Ignacio Guti\u00e9rrez Zald\u00edvar. Tercera Retrospectiva y Mega exposici\u00f3n en el Palais de Glace, de Buenos Aires (150 obras y 75.000 visitantes).Exposici\u00f3n Antol\u00f3gica en el Museo de Bellas Artes de Tandil, provincia de Buenos Aires, diciembre, 44 obras.<\/p>\n\n\n\n<p><strong>1999<\/strong><br>Exposici\u00f3n individual en Zurbar\u00e1n, Buenos Aires, 47 acuarelas, del 16 de noviembre al 31 de diciembre.<\/p>\n\n\n\n<p><strong>1998<\/strong><br>Participa en la Exposici\u00f3n TANGO, realizada en Atlanta y Los \u00c1ngeles, Estados Unidos.<br>Participa en ARTE BA , Centro Municipal de Exposiciones, Buenos Aires. (Feria de Galer\u00edas de Arte, Stand Zurbar\u00e1n)<\/p>\n\n\n\n<p><strong>1997<\/strong><br>Exposici\u00f3n Retrospectiva &#8220;Bodegones y desnudos&#8221;, en el Museo Municipal de Bellas Artes &#8220;Juan Carlos Castagnino&#8221;, de Mar del Plata, provincia de Buenos Aires.<br>Realiza el mural para la Feria del Libro, 5 pinturas de 150 x 150 cent\u00edmetros.<br>Participa en la exposici\u00f3n de artistas argentinos, en la Galer\u00eda Mateo Sariel, Panam\u00e1.<br>Participa en la mega-exposici\u00f3n &#8220;Tango&#8221;, en el Palais de Glace, Buenos Aires, septiembre-noviembre.<br>Exposici\u00f3n individual en Zurbar\u00e1n, Buenos Aires, &#8220;Piel&#8221;, noviembre-diciembre, 19 obras.<\/p>\n\n\n\n<p><strong>1996<\/strong><br>Exposici\u00f3n individual en Zurbar\u00e1n, Buenos Aires, &#8220;Bodegones&#8221;, noviembre, 26 obras.<br>Participa en &#8220;Don Segundo Sombra&#8221;, XXI Feria del Libro, Centro Municipal de Exposiciones, Buenos Aires, abril-mayo.<br>Participa en &#8220;Homenaje a Florencio Molina Campos&#8221;, Mega-exposici\u00f3n Molina Campos, Palais de Glace, Buenos Aires, septiembre-noviembre.<br>Participa en &#8220;El Atelier de Zurbar\u00e1n&#8221;, Casa FOA &#8217;96, Buenos Aires.<\/p>\n\n\n\n<p><strong>1995<\/strong><br>Exposici\u00f3n individual en Zurbar\u00e1n, Buenos Aires.<br>&#8220;Primavera&#8221;, 3 de octubre al 6 de noviembre, 23 obras.<br>Participa en &#8220;Mart\u00edn Fierro&#8221;, XX Feria del Libro, Centro Municipal de Exposiciones, Buenos Aires, abril-mayo.<\/p>\n\n\n\n<p><strong>1994<\/strong><br>Exposici\u00f3n individual en Zurbar\u00e1n, &#8220;La Verdad Desnuda&#8221;, noviembre, 32 obras.<br>Participa en &#8220;Argentine Now&#8221; en Estados Unidos (Santa M\u00f3nica Place, Santa M\u00f3nica California; Texas Commerce Bank, Dallas Texas; First Interstate Bank Down Town, Houston Texas; Boston Bank, Boston Massachusetts; Dudley House Arts Foundation, Harvard University; Biltmore Hotel, Coral Gables Florida.)1993Exposici\u00f3n individual en Zurbar\u00e1n, Buenos Aires, &#8220;Bodegones y desnudos&#8221;, septiembre, 24 obras.Participa en &#8220;Argentine Now&#8221; en el Fondo Monetario Internacional, Washington D.C., Estados Unidos.<\/p>\n\n\n\n<p><strong>1992<\/strong><br>Participa en &#8220;A Century of Argentine Art&#8221;, Hammer Galleries, New York, Estados Unidos.<\/p>\n\n\n\n<p><strong>1991<\/strong><br>Exposici\u00f3n en el Museo Municipal de Bellas Artes de La Plata, del 8 al 30 de junio, es la Primera Exposici\u00f3n Retrospectiva del Artista, integrada por 60 obras.<br>Exposici\u00f3n individual en Zurbar\u00e1n, Buenos Aires, &#8220;Bodegones&#8221;, del 9 de septiembre al 9 de noviembre, 23 obras.<\/p>\n\n\n\n<p><strong>1989<\/strong><br>El 6 de septiembre inaugura su segunda exposici\u00f3n en Zurbar\u00e1n, compuesta por 14 obras<\/p>\n\n\n\n<p><strong>1987<\/strong><br>Inaugura en el mes de agosto su primera exposici\u00f3n en Zurbar\u00e1n, integrada por 21 obras, &#8220;Bodegones&#8221;.<\/p>\n\n\n\n<p><strong>1986<\/strong><br>Formaliza en el mes de enero un contrato con Zurbar\u00e1n. En el mes de junio dise\u00f1a el isotipo de Colecci\u00f3n Alvear de Zurbar\u00e1n.<\/p>\n\n\n\n<p><strong>1984<\/strong><br>Expone en Galer\u00eda Palatina de Buenos Aires, durante el mes de octubre, 20 obras.<\/p>\n\n\n\n<p><strong>1982<\/strong><br>Durante el mes de julio realiza una exposici\u00f3n integrada por 31 obras en la Galer\u00eda Palatina de Buenos Aires.<\/p>\n\n\n\n<p><strong>1981<\/strong><br>Expone en enero 15 obras en la Galer\u00eda Tanisia de Punta del Este, Uruguay.<\/p>\n\n\n\n<p><strong>1980<\/strong><br>Realiza en el mes de abril una muestra de 18 obras en la Galer\u00eda Guti\u00e9rrez y Aguad y Domingo Biffarella, de C\u00f3rdoba.<br>Exposici\u00f3n Individual en Galer\u00eda Palatina, Buenos Aires, en septiembre.<\/p>\n\n\n\n<p><strong>1979<\/strong><br>En abril expone 20 obras en Galer\u00eda Palatina de Buenos Aires.<\/p>\n\n\n\n<p><strong>1978<\/strong><br>Expone en Galer\u00eda Guti\u00e9rrez y Aguad y Domingo Biffarella, C\u00f3rdoba.<\/p>\n\n\n\n<p><strong>1977<\/strong><br>Expone 20 obras durante el mes de abril en Galer\u00eda Palatina de Buenos Aires.<\/p>\n\n\n\n<p><strong>1976<\/strong><br>Expone en abril 12 obras en la Galer\u00eda Palatina, de Buenos Aires. En octubre realiza el dise\u00f1o del isotipo de Zurbar\u00e1n.<\/p>\n\n\n\n<p><strong>1975<\/strong><br>Realiza en el mes de enero una muestra individual en Circle Gallery de New Orleans, EEUU, integrada por 12 obras.<br>En el mes de julio expone individualmente en la Vaughan House, de Washington, EEUU, 20 obras.<\/p>\n\n\n\n<p><strong>1974<\/strong><br>Exposici\u00f3n Individual en el Plaza Hotel, de Buenos Aires.<\/p>\n\n\n\n<p><strong>1973<\/strong><br>Durante el mes de septiembre expone 15 temples en la Galer\u00eda Serra, de Buenos Aires, de temas urbanos.<\/p>\n\n\n\n<p><strong>1972<\/strong><br>Expone en mayo en la Galer\u00eda ISA de Madrid, Espa\u00f1a (30 obras) y en julio en la Galer\u00eda Monigry de C\u00e1diz, Espa\u00f1a (12 obras).<\/p>\n\n\n\n<p><strong>1971<\/strong><br>En marzo realiza una muestra individual en la &#8220;International House of New Orleans&#8221;, en dicha ciudad estadounidense.<br>Componen la exposici\u00f3n 23 obras.<br>Viaja a Washington y estudia la obra de Rembrandt y Vermeer en la National Gallery.<\/p>\n\n\n\n<p><strong>1970<\/strong><br>En el mes de noviembre realiza en la Galer\u00eda Vel\u00e1zquez una segunda exposici\u00f3n, integrada esta vez por 64 obras.<br>En el mismo mes inaugura en el C\u00edrculo Militar una muestra de dibujos titulada &#8220;Por los sendero del Libertador&#8221;, compuesta por 24 obras con temas de lugares de Espa\u00f1a vinculadas a la biograf\u00eda del Gral. San Mart\u00edn.1969En agosto expone en Galer\u00eda Vel\u00e1zquez de Buenos Aires 42 obras, siendo \u00e9sta su primera muestra como artista profesional.1968Se edita en Espa\u00f1a el libro &#8220;Pedraza&#8221;, con 24 dibujos y comentarios de Juan Lascano y presentaci\u00f3n del Marques de Lozoya. Los dibujos de este libro hab\u00edan sido realizados en 1966 en el pueblo de Pedraza de la Sierra, provincia de Segovia, en Espa\u00f1a.<\/p>\n\n\n\n<p><strong>1967<\/strong><br>Realiza el Servicio Militar.<br>En septiembre inaugura su primera exposici\u00f3n en el Instituto Platense de Cultura Hisp\u00e1nica, integrada por 21 obras.<br>En noviembre expone 15 dibujos en San Antonio de Areco, provincia de Buenos Aires.<\/p>\n\n\n\n<p><strong>1966<\/strong><br>En el d\u00eda de su cumplea\u00f1os viaja a Espa\u00f1a.<br>Concurre aisladamente al taller del maestro Julio Mois\u00e9s.<br>Visita frecuentemente el Museo del Prado, donde realiza copias de Vel\u00e1zquez y del Greco.<\/p>\n\n\n\n<p><strong>1965<\/strong><br>Su familia se muda a la Capital. Ingresa a la carrera de Derecho en la Universidad del Salvador.<\/p>\n\n\n\n<p><strong>1964<\/strong><br>Concurre durante 6 meses al taller libre del espa\u00f1ol Vicente Puig en Buenos Aires.<\/p>\n\n\n\n<p><strong>1957<\/strong><br>Realiza su primera obra al \u00f3leo.<\/p>\n\n\n\n<p><strong>1947<\/strong><br>Nace en La Plata, provincia de Buenos Aires, Argentina, el 6 de enero.<\/p>\n","protected":false},"excerpt":{"rendered":"<p>Pintor realista nacido en la ciudad de La Plata, Argentina, en 1947. Sus padres, sensibles y amantes del arte descubrieron tempranamente sus condiciones y aunque el Derecho era la tradici\u00f3n en su familia, no dudaron en estimularlo. En la adolescencia tom\u00f3 clases con Vicente Puig. En 1966 viaj\u00f3 a Espa\u00f1a y en el Museo del [&hellip;]<\/p>\n","protected":false},"author":1,"featured_media":0,"parent":0,"menu_order":0,"comment_status":"closed","ping_status":"closed","template":"","meta":{"inline_featured_image":false,"_joinchat":[],"footnotes":""},"_links":{"self":[{"href":"https:\/\/zurbaran.com.ar\/artistas\/juanlascano\/wp-json\/wp\/v2\/pages\/150"}],"collection":[{"href":"https:\/\/zurbaran.com.ar\/artistas\/juanlascano\/wp-json\/wp\/v2\/pages"}],"about":[{"href":"https:\/\/zurbaran.com.ar\/artistas\/juanlascano\/wp-json\/wp\/v2\/types\/page"}],"author":[{"embeddable":true,"href":"https:\/\/zurbaran.com.ar\/artistas\/juanlascano\/wp-json\/wp\/v2\/users\/1"}],"replies":[{"embeddable":true,"href":"https:\/\/zurbaran.com.ar\/artistas\/juanlascano\/wp-json\/wp\/v2\/comments?post=150"}],"version-history":[{"count":1,"href":"https:\/\/zurbaran.com.ar\/artistas\/juanlascano\/wp-json\/wp\/v2\/pages\/150\/revisions"}],"predecessor-version":[{"id":151,"href":"https:\/\/zurbaran.com.ar\/artistas\/juanlascano\/wp-json\/wp\/v2\/pages\/150\/revisions\/151"}],"wp:attachment":[{"href":"https:\/\/zurbaran.com.ar\/artistas\/juanlascano\/wp-json\/wp\/v2\/media?parent=150"}],"curies":[{"name":"wp","href":"https:\/\/api.w.org\/{rel}","templated":true}]}}